{"id":34,"date":"2017-02-03T16:21:31","date_gmt":"2017-02-03T20:21:31","guid":{"rendered":"http:\/\/agro.umsa.bo\/?page_id=34"},"modified":"2017-02-03T16:31:45","modified_gmt":"2017-02-03T20:31:45","slug":"resena-historica","status":"publish","type":"page","link":"https:\/\/fa.umsa.bo\/index.php\/institucional\/resena-historica\/","title":{"rendered":"Rese\u00f1a Historica"},"content":{"rendered":"<p style=\"text-align: left;\">Durante el gobierno de la Unidad Democr\u00e1tica Popular, en 1982, se realizo el II congreso de la Federaci\u00f3n \u00danica de Trabajadores Campesinos Tupaj Katari del departamento de de La Paz, donde se emite una resoluci\u00f3n para solicitar a la Universidad Mayor de San Andr\u00e9s (UMSA), la creaci\u00f3n de la Facultad de Agronom\u00eda, para que funcione en la estaci\u00f3n experimental \u00abEl Bel\u00e9n\u00bb, predio que hab\u00eda sido intervenido al entonces instituto Boliviano de Tecnolog\u00eda Agropecuaria (IBTA).<\/p>\n<p style=\"text-align: left;\">El 4 de enero de 1983, se conforma una comisi\u00f3n tripartita, conformada por representantes del Ministerio de Agricultura (MACA), la Universidad Mayor de San Andr\u00e9s (UMSA) y la confederaci\u00f3n Sindical \u00danica de Trabajadores Campesinos de Bolivia (CSUTCB), quienes deber\u00edan coordinar el inicio y el funcionamiento de la Facultad en el Bel\u00e9n. Posteriormente , al interior de la Universidad, se nombra una comisi\u00f3n de Creaci\u00f3n de la Facultad de Ciencias Agropecuarias, bajo la presidencia del Decano mas antiguo en funciones.<\/p>\n<p style=\"text-align: left;\">El Se\u00f1or Rector, Lic. Pablo Ramos, ante la Presi\u00f3n de la CSUTCB, autoriza el funcionamiento de la Carrera de Ingenier\u00eda Agronomica, inici\u00e1ndose en la ciudad de La Paz, la actividades acad\u00e9micas el 20 de Abril de 1983. Inaugur\u00e1ndose el primer semestre con muchas improvisaciones, sin un plan de estudios definido, las clases se pasan en el Comedor Universitario, bajo la dependencia de la Facultad de Ciencias Puras y Naturales.<\/p>\n<p style=\"text-align: left;\">La comisi\u00f3n del Honorable Consejo Universitario, presidida por el Dr. Orias, presenta su informe al \u00d3rgano de Gobierno, este es aprobado , d\u00e1ndose inmediatamente la emisi\u00f3n de la Resoluci\u00f3n Universitaria 1\/966\/102\/83 del 9 de junio de 1983, por la que se crea la carrera.<\/p>\n<p style=\"text-align: left;\">Actualmente la Facultad de Agronom\u00eda, despu\u00e9s de 32 a\u00f1os de sus inicios, ha crecido significativamente, por que cuenta con tres estaciones experimentales: Choquenaira, Sapecho y Patacamaya, Un centro experimental (Cota Cota), dos carreras ( Ingenier\u00eda Agron\u00f3mica e Ingenier\u00eda en Producci\u00f3n y Comercializaci\u00f3n Agropecuaria) seis programas acad\u00e9micos desconcentrados ( Ingenier\u00eda en Agronom\u00eda Tropical, sede Sapecho; Ingenier\u00eda Forestal y tecnolog\u00eda Maderera, sede Ixiamas; Medicina Veterinaria y Zootecnia, sede La Paz; tres programas de T\u00e9cnico Superior Agropecuario (sedes: Patacamaya, Luribay e Irupana).<\/p>\n<p>&nbsp;<\/p>\n","protected":false},"excerpt":{"rendered":"<p>Durante el gobierno de la Unidad Democr\u00e1tica Popular, en 1982, se realizo el II congreso de la Federaci\u00f3n \u00danica de Trabajadores Campesinos Tupaj Katari del departamento de de La Paz, donde se emite una resoluci\u00f3n para solicitar a la Universidad Mayor de San Andr\u00e9s (UMSA), la creaci\u00f3n de la Facultad de Agronom\u00eda, para que funcione [&hellip;]<\/p>\n","protected":false},"author":1,"featured_media":0,"parent":16,"menu_order":0,"comment_status":"closed","ping_status":"closed","template":"","meta":{"footnotes":""},"class_list":["post-34","page","type-page","status-publish","hentry"],"_links":{"self":[{"href":"https:\/\/fa.umsa.bo\/index.php\/wp-json\/wp\/v2\/pages\/34","targetHints":{"allow":["GET"]}}],"collection":[{"href":"https:\/\/fa.umsa.bo\/index.php\/wp-json\/wp\/v2\/pages"}],"about":[{"href":"https:\/\/fa.umsa.bo\/index.php\/wp-json\/wp\/v2\/types\/page"}],"author":[{"embeddable":true,"href":"https:\/\/fa.umsa.bo\/index.php\/wp-json\/wp\/v2\/users\/1"}],"replies":[{"embeddable":true,"href":"https:\/\/fa.umsa.bo\/index.php\/wp-json\/wp\/v2\/comments?post=34"}],"version-history":[{"count":3,"href":"https:\/\/fa.umsa.bo\/index.php\/wp-json\/wp\/v2\/pages\/34\/revisions"}],"predecessor-version":[{"id":39,"href":"https:\/\/fa.umsa.bo\/index.php\/wp-json\/wp\/v2\/pages\/34\/revisions\/39"}],"up":[{"embeddable":true,"href":"https:\/\/fa.umsa.bo\/index.php\/wp-json\/wp\/v2\/pages\/16"}],"wp:attachment":[{"href":"https:\/\/fa.umsa.bo\/index.php\/wp-json\/wp\/v2\/media?parent=34"}],"curies":[{"name":"wp","href":"https:\/\/api.w.org\/{rel}","templated":true}]}}