{"id":580,"date":"2019-09-06T18:06:27","date_gmt":"2019-09-06T22:06:27","guid":{"rendered":"http:\/\/agro.umsa.bo\/?page_id=580"},"modified":"2022-02-09T11:56:41","modified_gmt":"2022-02-09T15:56:41","slug":"autoridades-carrera-ingenieria-en-produccion-y-comercializacion-agropecuaria","status":"publish","type":"page","link":"https:\/\/fa.umsa.bo\/index.php\/autoridades-carrera-ingenieria-en-produccion-y-comercializacion-agropecuaria\/","title":{"rendered":"Autoridades Carrera Ingenier\u00eda en Producci\u00f3n y Comercializaci\u00f3n Agropecuaria"},"content":{"rendered":"\n<p style=\"text-align: center;\"><strong>Ing. V\u00edctor Antonio Casta\u00f1on Rivera<\/strong><\/p>\n<p style=\"text-align: center;\"><strong>DIRECTOR<\/strong><\/p>\n","protected":false},"excerpt":{"rendered":"","protected":false},"author":1,"featured_media":0,"parent":0,"menu_order":0,"comment_status":"closed","ping_status":"closed","template":"","meta":{"footnotes":""},"class_list":["post-580","page","type-page","status-publish","hentry"],"_links":{"self":[{"href":"https:\/\/fa.umsa.bo\/index.php\/wp-json\/wp\/v2\/pages\/580","targetHints":{"allow":["GET"]}}],"collection":[{"href":"https:\/\/fa.umsa.bo\/index.php\/wp-json\/wp\/v2\/pages"}],"about":[{"href":"https:\/\/fa.umsa.bo\/index.php\/wp-json\/wp\/v2\/types\/page"}],"author":[{"embeddable":true,"href":"https:\/\/fa.umsa.bo\/index.php\/wp-json\/wp\/v2\/users\/1"}],"replies":[{"embeddable":true,"href":"https:\/\/fa.umsa.bo\/index.php\/wp-json\/wp\/v2\/comments?post=580"}],"version-history":[{"count":3,"href":"https:\/\/fa.umsa.bo\/index.php\/wp-json\/wp\/v2\/pages\/580\/revisions"}],"predecessor-version":[{"id":1009,"href":"https:\/\/fa.umsa.bo\/index.php\/wp-json\/wp\/v2\/pages\/580\/revisions\/1009"}],"wp:attachment":[{"href":"https:\/\/fa.umsa.bo\/index.php\/wp-json\/wp\/v2\/media?parent=580"}],"curies":[{"name":"wp","href":"https:\/\/api.w.org\/{rel}","templated":true}]}}