{"id":591,"date":"2019-09-06T18:17:28","date_gmt":"2019-09-06T22:17:28","guid":{"rendered":"http:\/\/agro.umsa.bo\/?page_id=591"},"modified":"2022-02-09T12:04:58","modified_gmt":"2022-02-09T16:04:58","slug":"direccion-e-informacion-estacion-experimental-sapecho","status":"publish","type":"page","link":"https:\/\/fa.umsa.bo\/index.php\/direccion-e-informacion-estacion-experimental-sapecho\/","title":{"rendered":"Direcci\u00f3n e Informaci\u00f3n Estaci\u00f3n Experimental Sapecho"},"content":{"rendered":"\n<p style=\"text-align: center;\"><strong>Ing. Casto Maldonado Fuentes<\/strong><\/p>\n<p style=\"text-align: center;\"><strong>DIRECTOR a.i.<\/strong><\/p>\n","protected":false},"excerpt":{"rendered":"","protected":false},"author":1,"featured_media":0,"parent":0,"menu_order":0,"comment_status":"closed","ping_status":"closed","template":"","meta":{"footnotes":""},"class_list":["post-591","page","type-page","status-publish","hentry"],"_links":{"self":[{"href":"https:\/\/fa.umsa.bo\/index.php\/wp-json\/wp\/v2\/pages\/591","targetHints":{"allow":["GET"]}}],"collection":[{"href":"https:\/\/fa.umsa.bo\/index.php\/wp-json\/wp\/v2\/pages"}],"about":[{"href":"https:\/\/fa.umsa.bo\/index.php\/wp-json\/wp\/v2\/types\/page"}],"author":[{"embeddable":true,"href":"https:\/\/fa.umsa.bo\/index.php\/wp-json\/wp\/v2\/users\/1"}],"replies":[{"embeddable":true,"href":"https:\/\/fa.umsa.bo\/index.php\/wp-json\/wp\/v2\/comments?post=591"}],"version-history":[{"count":2,"href":"https:\/\/fa.umsa.bo\/index.php\/wp-json\/wp\/v2\/pages\/591\/revisions"}],"predecessor-version":[{"id":1014,"href":"https:\/\/fa.umsa.bo\/index.php\/wp-json\/wp\/v2\/pages\/591\/revisions\/1014"}],"wp:attachment":[{"href":"https:\/\/fa.umsa.bo\/index.php\/wp-json\/wp\/v2\/media?parent=591"}],"curies":[{"name":"wp","href":"https:\/\/api.w.org\/{rel}","templated":true}]}}