{"id":625,"date":"2019-09-11T10:48:25","date_gmt":"2019-09-11T14:48:25","guid":{"rendered":"http:\/\/agro.umsa.bo\/?page_id=625"},"modified":"2019-09-11T10:48:25","modified_gmt":"2019-09-11T14:48:25","slug":"planes-de-estudios-carrera-de-ingenieria-en-produccion-y-comercializacion-agropecuaria","status":"publish","type":"page","link":"https:\/\/fa.umsa.bo\/index.php\/planes-de-estudios-carrera-de-ingenieria-en-produccion-y-comercializacion-agropecuaria\/","title":{"rendered":"Planes de Estudios Carrera de Ingenier\u00eda en Producci\u00f3n y Comercializaci\u00f3n Agropecuaria"},"content":{"rendered":"\n<p style=\"text-align: center;\"><a href=\"http:\/\/agro.umsa.bo\/wp-content\/uploads\/2019\/09\/plan-de-estudios-cipyca.pdf\" target=\"_blank\" rel=\"noopener noreferrer\">Plan de estudios 2012<\/a><\/p>\n<p style=\"text-align: center;\"><a href=\"http:\/\/agro.umsa.bo\/wp-content\/uploads\/2019\/09\/contenidos-analiticos-cipyca.pdf\" target=\"_blank\" rel=\"noopener noreferrer\">Contenidos m\u00ednimos plan 2012<\/a><\/p>\n","protected":false},"excerpt":{"rendered":"","protected":false},"author":1,"featured_media":0,"parent":0,"menu_order":0,"comment_status":"closed","ping_status":"closed","template":"","meta":{"footnotes":""},"class_list":["post-625","page","type-page","status-publish","hentry"],"_links":{"self":[{"href":"https:\/\/fa.umsa.bo\/index.php\/wp-json\/wp\/v2\/pages\/625","targetHints":{"allow":["GET"]}}],"collection":[{"href":"https:\/\/fa.umsa.bo\/index.php\/wp-json\/wp\/v2\/pages"}],"about":[{"href":"https:\/\/fa.umsa.bo\/index.php\/wp-json\/wp\/v2\/types\/page"}],"author":[{"embeddable":true,"href":"https:\/\/fa.umsa.bo\/index.php\/wp-json\/wp\/v2\/users\/1"}],"replies":[{"embeddable":true,"href":"https:\/\/fa.umsa.bo\/index.php\/wp-json\/wp\/v2\/comments?post=625"}],"version-history":[{"count":1,"href":"https:\/\/fa.umsa.bo\/index.php\/wp-json\/wp\/v2\/pages\/625\/revisions"}],"predecessor-version":[{"id":628,"href":"https:\/\/fa.umsa.bo\/index.php\/wp-json\/wp\/v2\/pages\/625\/revisions\/628"}],"wp:attachment":[{"href":"https:\/\/fa.umsa.bo\/index.php\/wp-json\/wp\/v2\/media?parent=625"}],"curies":[{"name":"wp","href":"https:\/\/api.w.org\/{rel}","templated":true}]}}